{"id":53,"date":"2019-01-29T22:52:06","date_gmt":"2019-01-29T21:52:06","guid":{"rendered":"http:\/\/wp1067192.server-he.de\/?page_id=53"},"modified":"2020-08-08T19:02:56","modified_gmt":"2020-08-08T17:02:56","slug":"impressum","status":"publish","type":"page","link":"https:\/\/torsten-roetzsch.de\/en\/impressum\/","title":{"rendered":"Impressum"},"content":{"rendered":"<h2>Angaben gem\u00e4\u00df \u00a7 5 TMG<\/h2>\n<p>Torsten R\u00f6tzsch<\/p>\n<p>Dresdner Stra\u00dfe 186<br \/>\n01640 Coswig<\/p>\n<h2>Kontakt<\/h2>\n<p>Telefon: 004915253070406<\/p>\n<p>E-Mail: contact@torsten-roetzsch.de<\/p>\n<h2>Streitschlichtung<\/h2>\n<p>Die Europ\u00e4ische Kommission stellt eine Plattform zur Online-Streitbeilegung (OS) bereit: <a href=\"https:\/\/ec.europa.eu\/consumers\/odr\" target=\"_blank\" rel=\"noopener noreferrer\">https:\/\/ec.europa.eu\/consumers\/odr<\/a>.<br \/>\nUnsere E-Mail-Adresse finden Sie oben im Impressum.<\/p>\n<p>Wir sind nicht bereit oder verpflichtet, an Streitbeilegungsverfahren vor einer Verbraucherschlichtungsstelle teilzunehmen.<\/p>\n<p>Quelle: <a href=\"https:\/\/www.e-recht24.de\">https:\/\/www.e-recht24.de<\/a><\/p>\n","protected":false},"excerpt":{"rendered":"<p>Angaben gem\u00e4\u00df \u00a7 5 TMG Torsten R\u00f6tzsch Dresdner Stra\u00dfe 186 01640 Coswig Kontakt Telefon: 004915253070406 E-Mail: contact@torsten-roetzsch.de Streitschlichtung Die Europ\u00e4ische Kommission stellt eine Plattform zur Online-Streitbeilegung (OS) bereit: https:\/\/ec.europa.eu\/consumers\/odr. Unsere E-Mail-Adresse finden Sie oben im Impressum. Wir sind nicht bereit oder verpflichtet, an Streitbeilegungsverfahren vor einer Verbraucherschlichtungsstelle teilzunehmen. Quelle: https:\/\/www.e-recht24.de<\/p>\n","protected":false},"author":1,"featured_media":0,"parent":0,"menu_order":0,"comment_status":"closed","ping_status":"closed","template":"","meta":{"footnotes":""},"class_list":["post-53","page","type-page","status-publish","hentry"],"translation":{"provider":"WPGlobus","version":"3.0.0","language":"en","enabled_languages":["de","en"],"languages":{"de":{"title":true,"content":true,"excerpt":false},"en":{"title":false,"content":false,"excerpt":false}}},"_links":{"self":[{"href":"https:\/\/torsten-roetzsch.de\/en\/wp-json\/wp\/v2\/pages\/53","targetHints":{"allow":["GET"]}}],"collection":[{"href":"https:\/\/torsten-roetzsch.de\/en\/wp-json\/wp\/v2\/pages"}],"about":[{"href":"https:\/\/torsten-roetzsch.de\/en\/wp-json\/wp\/v2\/types\/page"}],"author":[{"embeddable":true,"href":"https:\/\/torsten-roetzsch.de\/en\/wp-json\/wp\/v2\/users\/1"}],"replies":[{"embeddable":true,"href":"https:\/\/torsten-roetzsch.de\/en\/wp-json\/wp\/v2\/comments?post=53"}],"version-history":[{"count":8,"href":"https:\/\/torsten-roetzsch.de\/en\/wp-json\/wp\/v2\/pages\/53\/revisions"}],"predecessor-version":[{"id":540,"href":"https:\/\/torsten-roetzsch.de\/en\/wp-json\/wp\/v2\/pages\/53\/revisions\/540"}],"wp:attachment":[{"href":"https:\/\/torsten-roetzsch.de\/en\/wp-json\/wp\/v2\/media?parent=53"}],"curies":[{"name":"wp","href":"https:\/\/api.w.org\/{rel}","templated":true}]}}